{"id":1820,"date":"2022-06-11T11:26:04","date_gmt":"2022-06-11T11:26:04","guid":{"rendered":"https:\/\/circularmaterials.it\/?page_id=1820"},"modified":"2024-09-24T12:48:00","modified_gmt":"2024-09-24T12:48:00","slug":"impianto","status":"publish","type":"page","link":"https:\/\/old.circularmaterials.it\/en\/impianto\/","title":{"rendered":"Our Technology"},"content":{"rendered":"<div data-elementor-type=\"wp-page\" data-elementor-id=\"1820\" class=\"elementor elementor-1820\" data-elementor-post-type=\"page\">\n\t\t\t\t\t\t<section class=\"elementor-section elementor-top-section elementor-element elementor-element-4dbcc06 elementor-section-height-min-height animated-slow elementor-section-boxed elementor-section-height-default elementor-section-items-middle elementor-invisible\" data-id=\"4dbcc06\" data-element_type=\"section\" data-settings=\"{&quot;background_background&quot;:&quot;video&quot;,&quot;background_video_link&quot;:&quot;https:\\\/\\\/old.circularmaterials.it\\\/wp-content\\\/uploads\\\/2023\\\/04\\\/pexels-binary-ego-14189696-3840x2160-24fps.mp4&quot;,&quot;background_play_on_mobile&quot;:&quot;yes&quot;,&quot;background_privacy_mode&quot;:&quot;yes&quot;,&quot;animation&quot;:&quot;fadeIn&quot;}\">\n\t\t\t\t\t\t\t\t<div class=\"elementor-background-video-container\" aria-hidden=\"true\">\n\t\t\t\t\t\t\t\t\t\t\t\t\t<video class=\"elementor-background-video-hosted lazyload\" autoplay muted playsinline loop><\/video>\n\t\t\t\t\t\t\t\t\t\t\t<\/div>\n\t\t\t\t\t\t\t\t\t<div class=\"elementor-background-overlay\"><\/div>\n\t\t\t\t\t\t\t<div class=\"elementor-container elementor-column-gap-default\">\n\t\t\t\t\t<div class=\"elementor-column elementor-col-100 elementor-top-column elementor-element elementor-element-3f8ad2b\" data-id=\"3f8ad2b\" data-element_type=\"column\">\n\t\t\t<div class=\"elementor-widget-wrap elementor-element-populated\">\n\t\t\t\t\t\t<section class=\"elementor-section elementor-inner-section elementor-element elementor-element-ff0d0b1 elementor-section-boxed elementor-section-height-default elementor-section-height-default\" data-id=\"ff0d0b1\" data-element_type=\"section\">\n\t\t\t\t\t\t<div class=\"elementor-container elementor-column-gap-no\">\n\t\t\t\t\t<div class=\"elementor-column elementor-col-100 elementor-inner-column elementor-element elementor-element-db76595\" data-id=\"db76595\" data-element_type=\"column\">\n\t\t\t<div class=\"elementor-widget-wrap elementor-element-populated\">\n\t\t\t\t\t\t<div class=\"elementor-element elementor-element-ea8e322 elementor-headline--style-rotate elementor-invisible elementor-widget elementor-widget-animated-headline\" data-id=\"ea8e322\" data-element_type=\"widget\" data-settings=\"{&quot;headline_style&quot;:&quot;rotate&quot;,&quot;animation_type&quot;:&quot;slide&quot;,&quot;rotating_text&quot;:&quot;dell&#039;impianto&quot;,&quot;_animation&quot;:&quot;fadeIn&quot;,&quot;loop&quot;:&quot;yes&quot;,&quot;rotate_iteration_delay&quot;:2500}\" data-widget_type=\"animated-headline.default\">\n\t\t\t\t<div class=\"elementor-widget-container\">\n\t\t\t\t\t\t\t<h3 class=\"elementor-headline elementor-headline-animation-type-slide\">\n\t\t\t\t\t<span class=\"elementor-headline-plain-text elementor-headline-text-wrapper\">Technical Characteristics<\/span>\n\t\t\t\t<span class=\"elementor-headline-dynamic-wrapper elementor-headline-text-wrapper\">\n\t\t\t\t\t<span class=\"elementor-headline-dynamic-text elementor-headline-text-active\">\n\t\t\t\tof the Plant\t\t\t<\/span>\n\t\t\t\t\t\t<\/span>\n\t\t\t\t<\/h3>\n\t\t\t\t\t\t<\/div>\n\t\t\t\t<\/div>\n\t\t\t\t<div class=\"elementor-element elementor-element-b7a8f1c elementor-invisible elementor-widget elementor-widget-text-editor\" data-id=\"b7a8f1c\" data-element_type=\"widget\" data-settings=\"{&quot;_animation&quot;:&quot;fadeInUp&quot;}\" data-widget_type=\"text-editor.default\">\n\t\t\t\t<div class=\"elementor-widget-container\">\n\t\t\t\t\t\t\t\t\t<p>A Unique Circular Approach for the Valorization of Critical Raw Materials<\/p>\t\t\t\t\t\t\t\t<\/div>\n\t\t\t\t<\/div>\n\t\t\t\t\t<\/div>\n\t\t<\/div>\n\t\t\t\t\t<\/div>\n\t\t<\/section>\n\t\t\t\t\t<\/div>\n\t\t<\/div>\n\t\t\t\t\t<\/div>\n\t\t<\/section>\n\t\t\t\t<section class=\"elementor-section elementor-top-section elementor-element elementor-element-a13a92a elementor-section-content-middle elementor-section-boxed elementor-section-height-default elementor-section-height-default\" data-id=\"a13a92a\" data-element_type=\"section\">\n\t\t\t\t\t\t<div class=\"elementor-container elementor-column-gap-no\">\n\t\t\t\t\t<div class=\"elementor-column elementor-col-50 elementor-top-column elementor-element elementor-element-1bb9ca9 elementor-invisible\" data-id=\"1bb9ca9\" data-element_type=\"column\" data-settings=\"{&quot;animation&quot;:&quot;fadeIn&quot;,&quot;background_background&quot;:&quot;classic&quot;}\">\n\t\t\t<div class=\"elementor-widget-wrap elementor-element-populated\">\n\t\t\t\t\t\t<div class=\"elementor-element elementor-element-7a18b38 animated-fast elementor-invisible elementor-widget elementor-widget-heading\" data-id=\"7a18b38\" data-element_type=\"widget\" data-settings=\"{&quot;_animation&quot;:&quot;fadeIn&quot;}\" data-widget_type=\"heading.default\">\n\t\t\t\t<div class=\"elementor-widget-container\">\n\t\t\t\t\t<h2 class=\"elementor-heading-title elementor-size-default\">What does the plant look like?<\/h2>\t\t\t\t<\/div>\n\t\t\t\t<\/div>\n\t\t\t\t<div class=\"elementor-element elementor-element-eec1dda elementor-widget elementor-widget-text-editor\" data-id=\"eec1dda\" data-element_type=\"widget\" data-widget_type=\"text-editor.default\">\n\t\t\t\t<div class=\"elementor-widget-container\">\n\t\t\t\t\t\t\t\t\t<p>The Circular Materials technology is based on the supercritical properties of water, managed through a patented system that facilitates the precipitation of metal ions in solution.<\/p><p class=\"translation-block\">Circular Materials enable the direct recovery of metals from industrial effluents with an <b>efficiency of 99%<\/b><\/p>\t\t\t\t\t\t\t\t<\/div>\n\t\t\t\t<\/div>\n\t\t\t\t\t<\/div>\n\t\t<\/div>\n\t\t\t\t<div class=\"elementor-column elementor-col-50 elementor-top-column elementor-element elementor-element-eb9735d elementor-invisible\" data-id=\"eb9735d\" data-element_type=\"column\" data-settings=\"{&quot;animation&quot;:&quot;fadeIn&quot;,&quot;background_background&quot;:&quot;classic&quot;}\">\n\t\t\t<div class=\"elementor-widget-wrap elementor-element-populated\">\n\t\t\t\t\t\t<div class=\"elementor-element elementor-element-ee906ae animated-fast elementor-invisible elementor-widget elementor-widget-heading\" data-id=\"ee906ae\" data-element_type=\"widget\" data-settings=\"{&quot;_animation&quot;:&quot;fadeIn&quot;}\" data-widget_type=\"heading.default\">\n\t\t\t\t<div class=\"elementor-widget-container\">\n\t\t\t\t\t<h2 class=\"elementor-heading-title elementor-size-default\">How does it work?<\/h2>\t\t\t\t<\/div>\n\t\t\t\t<\/div>\n\t\t\t\t<div class=\"elementor-element elementor-element-e61833d elementor-widget elementor-widget-text-editor\" data-id=\"e61833d\" data-element_type=\"widget\" data-widget_type=\"text-editor.default\">\n\t\t\t\t<div class=\"elementor-widget-container\">\n\t\t\t\t\t\t\t\t\t<p>The liquids to be treated are mixed with supercritical water (T&gt;374 \u00b0C and P&gt;221 bar) in a patented mixer where an instantaneous precipitation process takes place: the dissolved metals behave as if they were in an apolar liquid, and form nucleation sites that grow in clusters to become nanoparticles or microparticles.<\/p>\t\t\t\t\t\t\t\t<\/div>\n\t\t\t\t<\/div>\n\t\t\t\t\t<\/div>\n\t\t<\/div>\n\t\t\t\t\t<\/div>\n\t\t<\/section>\n\t\t\t\t<section class=\"elementor-section elementor-top-section elementor-element elementor-element-c7f00ab elementor-section-content-middle elementor-section-boxed elementor-section-height-default elementor-section-height-default\" data-id=\"c7f00ab\" data-element_type=\"section\">\n\t\t\t\t\t\t<div class=\"elementor-container elementor-column-gap-no\">\n\t\t\t\t\t<div class=\"elementor-column elementor-col-50 elementor-top-column elementor-element elementor-element-d68cded elementor-invisible\" data-id=\"d68cded\" data-element_type=\"column\" data-settings=\"{&quot;animation&quot;:&quot;fadeIn&quot;,&quot;background_background&quot;:&quot;classic&quot;}\">\n\t\t\t<div class=\"elementor-widget-wrap elementor-element-populated\">\n\t\t\t\t\t\t<div class=\"elementor-element elementor-element-0d3604b animated-fast elementor-invisible elementor-widget elementor-widget-heading\" data-id=\"0d3604b\" data-element_type=\"widget\" data-settings=\"{&quot;_animation&quot;:&quot;fadeIn&quot;}\" data-widget_type=\"heading.default\">\n\t\t\t\t<div class=\"elementor-widget-container\">\n\t\t\t\t\t<h2 class=\"elementor-heading-title elementor-size-default\">In other words ...<\/h2>\t\t\t\t<\/div>\n\t\t\t\t<\/div>\n\t\t\t\t<div class=\"elementor-element elementor-element-7378a95 elementor-widget elementor-widget-text-editor\" data-id=\"7378a95\" data-element_type=\"widget\" data-widget_type=\"text-editor.default\">\n\t\t\t\t<div class=\"elementor-widget-container\">\n\t\t\t\t\t\t\t\t\t<p>The extreme reduction of the dielectric constant of water under supercritical conditions (\u03b5<sub>RT<\/sub>=77 \u2192 \u03b5<sub>SC<\/sub>=2) reduces the solubility of metal ions, causing them to precipitate into finely dispersed powders.<\/p><p>The speciation of the product (oxide, hydroxide, metal) is governed by the redox and pH conditions, which are process parameters that are easily controlled through the use of 'recipes' developed by Circular Materials engineers according to customer requirements.<\/p><p>This suspension is finally cooled, the heat is recovered through heat exchangers, and the pressure is restored to ambient.<\/p><p>The liquids then enter a separation process, where the solid is recovered for valorization.<\/p><p>Water can then be routed through the standard chemical and physical purification processes without dissolved metals or complex organic compounds, drastically simplifying its treatment.<\/p>\t\t\t\t\t\t\t\t<\/div>\n\t\t\t\t<\/div>\n\t\t\t\t\t<\/div>\n\t\t<\/div>\n\t\t\t\t<div class=\"elementor-column elementor-col-50 elementor-top-column elementor-element elementor-element-d83a525 elementor-invisible\" data-id=\"d83a525\" data-element_type=\"column\" data-settings=\"{&quot;animation&quot;:&quot;fadeIn&quot;}\">\n\t\t\t<div class=\"elementor-widget-wrap elementor-element-populated\">\n\t\t\t\t\t\t<div class=\"elementor-element elementor-element-4f598da elementor-widget elementor-widget-image\" data-id=\"4f598da\" data-element_type=\"widget\" data-widget_type=\"image.default\">\n\t\t\t\t<div class=\"elementor-widget-container\">\n\t\t\t\t\t\t\t\t\t\t\t\t\t\t\t<img fetchpriority=\"high\" decoding=\"async\" width=\"925\" height=\"1024\" src=\"data:image\/gif;base64,R0lGODlhAQABAIAAAAAAAP\/\/\/yH5BAEAAAAALAAAAAABAAEAAAIBRAA7\" data-src=\"https:\/\/old.circularmaterials.it\/wp-content\/uploads\/2023\/02\/Nuovo-progetto-925x1024.png\" class=\"attachment-large size-large wp-image-2381 lazyload\" alt=\"\" data-srcset=\"https:\/\/old.circularmaterials.it\/wp-content\/uploads\/2023\/02\/Nuovo-progetto-925x1024.png 925w, https:\/\/old.circularmaterials.it\/wp-content\/uploads\/2023\/02\/Nuovo-progetto-271x300.png 271w, https:\/\/old.circularmaterials.it\/wp-content\/uploads\/2023\/02\/Nuovo-progetto-768x850.png 768w, https:\/\/old.circularmaterials.it\/wp-content\/uploads\/2023\/02\/Nuovo-progetto-1388x1536.png 1388w, https:\/\/old.circularmaterials.it\/wp-content\/uploads\/2023\/02\/Nuovo-progetto-1850x2048.png 1850w, https:\/\/old.circularmaterials.it\/wp-content\/uploads\/2023\/02\/Nuovo-progetto.png 2000w\" sizes=\"(max-width: 925px) 100vw, 925px\" \/><noscript><img decoding=\"async\" width=\"925\" height=\"1024\" src=\"https:\/\/old.circularmaterials.it\/wp-content\/uploads\/2023\/02\/Nuovo-progetto-925x1024.png\" class=\"attachment-large size-large wp-image-2381 lazyload\" alt=\"\" srcset=\"https:\/\/old.circularmaterials.it\/wp-content\/uploads\/2023\/02\/Nuovo-progetto-925x1024.png 925w, https:\/\/old.circularmaterials.it\/wp-content\/uploads\/2023\/02\/Nuovo-progetto-271x300.png 271w, https:\/\/old.circularmaterials.it\/wp-content\/uploads\/2023\/02\/Nuovo-progetto-768x850.png 768w, https:\/\/old.circularmaterials.it\/wp-content\/uploads\/2023\/02\/Nuovo-progetto-1388x1536.png 1388w, https:\/\/old.circularmaterials.it\/wp-content\/uploads\/2023\/02\/Nuovo-progetto-1850x2048.png 1850w, https:\/\/old.circularmaterials.it\/wp-content\/uploads\/2023\/02\/Nuovo-progetto.png 2000w\" sizes=\"(max-width: 925px) 100vw, 925px\" \/><\/noscript>\t\t\t\t\t\t\t\t\t\t\t\t\t\t\t<\/div>\n\t\t\t\t<\/div>\n\t\t\t\t\t<\/div>\n\t\t<\/div>\n\t\t\t\t\t<\/div>\n\t\t<\/section>\n\t\t\t\t<section class=\"elementor-section elementor-top-section elementor-element elementor-element-885ee81 elementor-section-content-middle elementor-section-boxed elementor-section-height-default elementor-section-height-default\" data-id=\"885ee81\" data-element_type=\"section\">\n\t\t\t\t\t\t<div class=\"elementor-container elementor-column-gap-no\">\n\t\t\t\t\t<div class=\"elementor-column elementor-col-100 elementor-top-column elementor-element elementor-element-243a8b8 elementor-invisible\" data-id=\"243a8b8\" data-element_type=\"column\" data-settings=\"{&quot;animation&quot;:&quot;fadeIn&quot;}\">\n\t\t\t<div class=\"elementor-widget-wrap elementor-element-populated\">\n\t\t\t\t\t\t<section class=\"elementor-section elementor-inner-section elementor-element elementor-element-14e3d97 elementor-reverse-mobile elementor-section-boxed elementor-section-height-default elementor-section-height-default\" data-id=\"14e3d97\" data-element_type=\"section\">\n\t\t\t\t\t\t<div class=\"elementor-container elementor-column-gap-default\">\n\t\t\t\t\t<div class=\"elementor-column elementor-col-100 elementor-inner-column elementor-element elementor-element-731a848\" data-id=\"731a848\" data-element_type=\"column\">\n\t\t\t<div class=\"elementor-widget-wrap elementor-element-populated\">\n\t\t\t\t\t\t<div class=\"elementor-element elementor-element-9fdd99f animated-slow elementor-invisible elementor-widget elementor-widget-heading\" data-id=\"9fdd99f\" data-element_type=\"widget\" data-settings=\"{&quot;_animation&quot;:&quot;fadeIn&quot;,&quot;_animation_delay&quot;:500}\" data-widget_type=\"heading.default\">\n\t\t\t\t<div class=\"elementor-widget-container\">\n\t\t\t\t\t<h2 class=\"elementor-heading-title elementor-size-default\">Circular Materials' supercritical water precipitation technology for metal recovery<\/h2>\t\t\t\t<\/div>\n\t\t\t\t<\/div>\n\t\t\t\t<div class=\"elementor-element elementor-element-740a2a2 elementor-widget elementor-widget-text-editor\" data-id=\"740a2a2\" data-element_type=\"widget\" data-widget_type=\"text-editor.default\">\n\t\t\t\t<div class=\"elementor-widget-container\">\n\t\t\t\t\t\t\t\t\t<p>Circular Materials has developed a patented technology, based on the properties of supercritical water, designed to effectively remove and recover metals from water. This innovative process also allows the oxidation of most organic matter (COD) and cyanides (&gt;99.5%) to return a demetallized liquid that is easy to treat and can be routed to existing physicochemical plants without sludge production or at a much lower cost than the cost of disposing of the original untreated effluent.<br \/><br \/><\/p><p>Circular Materials' plant is designed to facilitate the precipitation of metal ions in solution, enabling the direct recovery of metals in industrial wastewater with 99% efficiency. The liquids to be treated are mixed with supercritical water (T&gt;374 \u00b0C and P&gt;221 bar) in a patented mixer where an instantaneous precipitation occurs. The dissolved metals behave as they would in an apolar liquid and form nucleation sites that grow in clusters to become nano- or microparticles.<br \/><br \/><\/p><p>The extreme reduction in the dielectric constant of water under supercritical conditions (\u03b5RT=77 \u2192 \u03b5SC=2) drastically reduces the solubility of metal ions, causing them to precipitate into finely dispersed powders. The speciation of the product (oxide, hydroxide, metal) is determined by the redox and pH conditions, process parameters that are easily controlled through 'recipes' developed by Circular Materials engineers according to customer requirements.<br \/><br \/><\/p><p>The suspension is finally cooled, and the heat is recovered through exchangers while the pressure is restored to ambient pressure. The liquids then enter a separation process, where the solid is recovered for utilization. The water can then be sent to the normal chemical-physical purification process without dissolved metals or complex organic forms, drastically simplifying its treatment.<\/p>\t\t\t\t\t\t\t\t<\/div>\n\t\t\t\t<\/div>\n\t\t\t\t\t<\/div>\n\t\t<\/div>\n\t\t\t\t\t<\/div>\n\t\t<\/section>\n\t\t\t\t\t<\/div>\n\t\t<\/div>\n\t\t\t\t\t<\/div>\n\t\t<\/section>\n\t\t\t\t<section class=\"elementor-section elementor-top-section elementor-element elementor-element-107ba4c elementor-section-height-min-height elementor-section-content-middle elementor-section-boxed elementor-section-height-default elementor-section-items-middle\" data-id=\"107ba4c\" data-element_type=\"section\" data-settings=\"{&quot;background_background&quot;:&quot;gradient&quot;}\">\n\t\t\t\t\t\t\t<div class=\"elementor-background-overlay\"><\/div>\n\t\t\t\t\t\t\t<div class=\"elementor-container elementor-column-gap-no\">\n\t\t\t\t\t<div class=\"elementor-column elementor-col-50 elementor-top-column elementor-element elementor-element-f60a473\" data-id=\"f60a473\" data-element_type=\"column\">\n\t\t\t<div class=\"elementor-widget-wrap elementor-element-populated\">\n\t\t\t\t\t\t<section class=\"elementor-section elementor-inner-section elementor-element elementor-element-da8aba7 animated-slow elementor-section-boxed elementor-section-height-default elementor-section-height-default elementor-invisible\" data-id=\"da8aba7\" data-element_type=\"section\" data-settings=\"{&quot;animation&quot;:&quot;fadeIn&quot;,&quot;animation_delay&quot;:500}\">\n\t\t\t\t\t\t<div class=\"elementor-container elementor-column-gap-wider\">\n\t\t\t\t\t<div class=\"elementor-column elementor-col-100 elementor-inner-column elementor-element elementor-element-1b81c46\" data-id=\"1b81c46\" data-element_type=\"column\" data-settings=\"{&quot;background_background&quot;:&quot;classic&quot;}\">\n\t\t\t<div class=\"elementor-widget-wrap elementor-element-populated\">\n\t\t\t\t\t\t<div class=\"elementor-element elementor-element-b40006e animated-slow elementor-invisible elementor-widget elementor-widget-heading\" data-id=\"b40006e\" data-element_type=\"widget\" data-settings=\"{&quot;_animation&quot;:&quot;fadeIn&quot;,&quot;_animation_delay&quot;:500}\" data-widget_type=\"heading.default\">\n\t\t\t\t<div class=\"elementor-widget-container\">\n\t\t\t\t\t<h2 class=\"elementor-heading-title elementor-size-default\">Several partners have already chosen our technology.<\/h2>\t\t\t\t<\/div>\n\t\t\t\t<\/div>\n\t\t\t\t<div class=\"elementor-element elementor-element-fb758c4 elementor-align-left elementor-widget elementor-widget-button\" data-id=\"fb758c4\" data-element_type=\"widget\" data-widget_type=\"button.default\">\n\t\t\t\t<div class=\"elementor-widget-container\">\n\t\t\t\t\t\t\t\t\t<div class=\"elementor-button-wrapper\">\n\t\t\t\t\t<a class=\"elementor-button elementor-button-link elementor-size-sm\" href=\"https:\/\/calendly.com\/riccardo-momoli\/30min\">\n\t\t\t\t\t\t<span class=\"elementor-button-content-wrapper\">\n\t\t\t\t\t\t<span class=\"elementor-button-icon\">\n\t\t\t\t<i aria-hidden=\"true\" class=\"far fa-calendar-alt\"><\/i>\t\t\t<\/span>\n\t\t\t\t\t\t\t\t\t<span class=\"elementor-button-text\">Schedule a call<\/span>\n\t\t\t\t\t<\/span>\n\t\t\t\t\t<\/a>\n\t\t\t\t<\/div>\n\t\t\t\t\t\t\t\t<\/div>\n\t\t\t\t<\/div>\n\t\t\t\t\t<\/div>\n\t\t<\/div>\n\t\t\t\t\t<\/div>\n\t\t<\/section>\n\t\t\t\t\t<\/div>\n\t\t<\/div>\n\t\t\t\t<div class=\"elementor-column elementor-col-50 elementor-top-column elementor-element elementor-element-891d9d6\" data-id=\"891d9d6\" data-element_type=\"column\">\n\t\t\t<div class=\"elementor-widget-wrap\">\n\t\t\t\t\t\t\t<\/div>\n\t\t<\/div>\n\t\t\t\t\t<\/div>\n\t\t<\/section>\n\t\t\t\t<\/div>","protected":false},"excerpt":{"rendered":"<p>Caratteristiche tecniche dell&#8217;impianto Un approccio circolare, unico nel suo genere Com&#8217;\u00e8 fatto l&#8217;Impianto? La tecnologia Circular Materials \u00e8 basata sulle propriet\u00e0 supercritiche dell\u2019acqua, che viene gestita attraverso un impianto brevettato con lo scopo di agevolare la precipitazione degli ioni metallici in soluzione. Circular Materials permette il recupero diretto dei metalli presenti nei reflui industriali con&hellip;&nbsp;<a href=\"https:\/\/old.circularmaterials.it\/en\/impianto\/\" rel=\"bookmark\">Read More &raquo;<span class=\"screen-reader-text\">Our Technology<\/span><\/a><\/p>","protected":false},"author":1,"featured_media":2286,"parent":0,"menu_order":0,"comment_status":"closed","ping_status":"closed","template":"elementor_header_footer","meta":{"om_disable_all_campaigns":false,"neve_meta_sidebar":"","neve_meta_container":"","neve_meta_enable_content_width":"","neve_meta_content_width":0,"neve_meta_title_alignment":"","neve_meta_author_avatar":"","neve_post_elements_order":"","neve_meta_disable_header":"","neve_meta_disable_footer":"","neve_meta_disable_title":"","footnotes":""},"class_list":["post-1820","page","type-page","status-publish","has-post-thumbnail","hentry"],"aioseo_notices":[],"_links":{"self":[{"href":"https:\/\/old.circularmaterials.it\/en\/wp-json\/wp\/v2\/pages\/1820","targetHints":{"allow":["GET"]}}],"collection":[{"href":"https:\/\/old.circularmaterials.it\/en\/wp-json\/wp\/v2\/pages"}],"about":[{"href":"https:\/\/old.circularmaterials.it\/en\/wp-json\/wp\/v2\/types\/page"}],"author":[{"embeddable":true,"href":"https:\/\/old.circularmaterials.it\/en\/wp-json\/wp\/v2\/users\/1"}],"replies":[{"embeddable":true,"href":"https:\/\/old.circularmaterials.it\/en\/wp-json\/wp\/v2\/comments?post=1820"}],"version-history":[{"count":113,"href":"https:\/\/old.circularmaterials.it\/en\/wp-json\/wp\/v2\/pages\/1820\/revisions"}],"predecessor-version":[{"id":3751,"href":"https:\/\/old.circularmaterials.it\/en\/wp-json\/wp\/v2\/pages\/1820\/revisions\/3751"}],"wp:featuredmedia":[{"embeddable":true,"href":"https:\/\/old.circularmaterials.it\/en\/wp-json\/wp\/v2\/media\/2286"}],"wp:attachment":[{"href":"https:\/\/old.circularmaterials.it\/en\/wp-json\/wp\/v2\/media?parent=1820"}],"curies":[{"name":"wp","href":"https:\/\/api.w.org\/{rel}","templated":true}]}}